{"id":24026,"date":"2023-02-24T12:01:31","date_gmt":"2023-02-24T15:01:31","guid":{"rendered":"https:\/\/www.ciadeestagios.com.br\/privacy-policy\/"},"modified":"2024-06-04T18:27:07","modified_gmt":"2024-06-04T21:27:07","slug":"politica-de-privacidad","status":"publish","type":"page","link":"https:\/\/www.ciadeestagios.com.br\/es\/politica-de-privacidad\/","title":{"rendered":"Pol\u00edtica de Privacidad"},"content":{"rendered":"\n<h2 class=\"wp-block-heading\" class=\"wp-block-heading\" id=\"compromiso-con-su-privacidad-y-seguridad\">Compromiso con su privacidad y seguridad<\/h2>\n\n<p>PROTECCI\u00d3N DE DATOS Y PRIVACIDAD&#13;\n(Ley General de Protecci\u00f3n de Datos \u2013 Ley N\u00b0 13.709\/18 \u2013 \u201cLGPD\u201d).<\/p>\n\n<p>Companhia de Est\u00e1gios est\u00e1 comprometida con la seguridad de sus datos y el respeto a su privacidad, por eso invertimos en alta tecnolog\u00eda para garantizar lo mejor del mercado en t\u00e9rminos de seguridad combinado con soporte legal seg\u00fan lo establecido por la Ley General de Protecci\u00f3n de Datos. ;Un ejemplo de esto es que nuestros sistemas y bases de datos est\u00e1n alojados en plataformas de Cloud Computing, las cuales ofrecen informes de auditores externos que han probado y verificado su cumplimiento de diversos est\u00e1ndares y regulaciones de seguridad.<\/p>\n\n<p>Correspondiendo as\u00ed a la intenci\u00f3n de la Legislaci\u00f3n, ya que el Derecho a la Protecci\u00f3n de Datos Personales es un derecho constitucional.<\/p>\n\n<p>De esta manera, COMPANHIA DE EST\u00c1GIOS consolida los medios t\u00e9cnicos esenciales de seguridad de acuerdo con la legislaci\u00f3n brasile\u00f1a.<\/p>\n\n<p>En vista de lo anterior, indica:<\/p>\n\n<ol class=\"wp-block-list\">\n<li><strong>Definiciones:<\/strong>\n<ul class=\"wp-block-list\">\n<li><strong>Usuario:<\/strong>\u00a0persona f\u00edsica que utiliza la plataforma Companhia de Est\u00e1gios y empresas del grupo para buscar vacantes, acceder a contenidos, participar en eventos o registrar una empresa.<\/li>\n\n\n\n<li><strong>Empresas:<\/strong>\u00a0persona jur\u00eddica que ingresa o accede a informaci\u00f3n en la Plataforma COMPANHIA DE EST\u00c1GIOS y otras empresas del grupo.<\/li>\n\n\n\n<li><strong>Datos Personales:<\/strong> datos relativos a la persona f\u00edsica identificada o identificable, tal como se define en el art. 5\u00b0, inciso I, de la Ley General de Protecci\u00f3n de Datos.<\/li>\n\n\n\n<li><strong>Plataforma:<\/strong> Sitio web y sistemas de COMPANHIA DE EST\u00c1GIOS donde se publican las vacantes y se realiza el registro de Usuarios y Empresas.<\/li>\n<\/ul>\n<\/li>\n\n\n\n<li><strong>Captura de datos:<\/strong>\n<ol class=\"wp-block-list\">\n<li>Los datos son facilitados voluntariamente por el Usuario con la finalidad de:\n<ol class=\"roman-list wp-block-list\">\n<li>Reg\u00edstrate en la plataforma para postular a empleos<\/li>\n\n\n\n<li>Registro de eventos<\/li>\n\n\n\n<li>Descargar materiales<\/li>\n<\/ol>\n<\/li>\n\n\n\n<li>Os Dados Pessoais tamb\u00e9m poder\u00e3o ser captados atrav\u00e9s de Parceiros terceiros cuja capta\u00e7\u00e3o \u00e9 realizada por meio de autoriza\u00e7\u00e3o e consentimento do Usu\u00e1rio ao aceitar os Termos de Uso e a Pol\u00edtica de Privacidade com a finalidade de:<br>\n<ol class=\"wp-block-list\">\n<li>\n<ol class=\"roman-list wp-block-list\">\n<li>Marketing de marca COMPANHIA DE EST\u00c1GIOS<\/li>\n\n\n\n<li>Invitaci\u00f3n a eventos<\/li>\n\n\n\n<li>Ejecuci\u00f3n del \u00e1mbito de actividad de COMPANHIA DE EST\u00c1GIOS<\/li>\n<\/ol>\n<\/li>\n\n\n\n<li>Se entiende por terceros socios: Empresas, que cuentan con autorizaci\u00f3n de COMPANHIA DE EST\u00c1GIOS para vincular campa\u00f1as vinculadas a la marca COMPANHIA DE EST\u00c1GIO, cuyas actividades consisten en:\n<ol class=\"roman-list wp-block-list\">\n<li>promocionar la marca COMPANHIA DE EST\u00c1GIOS o empresas del grupo<\/li>\n\n\n\n<li>dar a conocer eventos, procesos de selecci\u00f3n o similares vinculados a la EMPRESA DE PR\u00c1CTICAS, empresas del grupo y empresas clientes<\/li>\n<\/ol>\n<\/li>\n\n\n\n<li>El procesamiento de Datos Personales a trav\u00e9s de Terceros Socios es responsabilidad de los Terceros Socios, y el Usuario debe ser consciente de que cualquier derecho del titular debe ser reclamado directamente a los terceros socios. COMPANHIA DE EST\u00c1GIOS deber\u00e1 hacer todos los esfuerzos posibles para brindar apoyo al titular y exigir el cumplimiento a terceros Socios.<\/li>\n\n\n\n<li>Es responsabilidad del usuario no hacer clic en enlaces desconocidos de dudosa procedencia u procedencia, debiendo acceder siempre a trav\u00e9s de los medios oficiales indicados por COMPANHIA DE EST\u00c1GIOS, estos medios: redes sociales, correo electr\u00f3nico de COMPANHIA DE EST\u00c1GIOS o mensajer\u00eda instant\u00e1nea a trav\u00e9s de representantes autorizados de COMPANHIA DE EST\u00c1GIOS.<\/li>\n<\/ol>\n<\/li>\n\n\n\n<li>Entre los Datos Personales recabados del Usuario para utilizar la plataforma se encuentran:\n<ol class=\"roman-list wp-block-list\">\n<li>e-mail<\/li>\n\n\n\n<li>nombre completo<\/li>\n\n\n\n<li>rg<\/li>\n\n\n\n<li>cpf<\/li>\n\n\n\n<li>fecha de emisi\u00f3n del documento de identidad<\/li>\n\n\n\n<li>etnicidad<\/li>\n\n\n\n<li>nacionalidad<\/li>\n\n\n\n<li>g\u00e9nero<\/li>\n\n\n\n<li>estado civil<\/li>\n\n\n\n<li>sitio web personal\/portafolio<\/li>\n\n\n\n<li>redes sociales \u2013 linkedin, twitter, facebook<\/li>\n\n\n\n<li>persona con discapacidad \u2013 PCD<\/li>\n\n\n\n<li>Licencia de conducir<\/li>\n\n\n\n<li>posee veh\u00edculos<\/li>\n\n\n\n<li>activo en la pr\u00e1ctica profesional \u2013 pr\u00e1cticas o trabajo<\/li>\n\n\n\n<li>institucion de ense\u00f1anza<\/li>\n\n\n\n<li>instalaciones<\/li>\n\n\n\n<li>curso<\/li>\n\n\n\n<li>modalidad de entrenamiento<\/li>\n\n\n\n<li>n\u00famero de matr\u00edcula \/ expediente acad\u00e9mico<\/li>\n\n\n\n<li>duraci\u00f3n del curso (en semestres)<\/li>\n\n\n\n<li>previsi\u00f3n de finalizaci\u00f3n<\/li>\n\n\n\n<li>a\u00f1o de finalizaci\u00f3n<\/li>\n\n\n\n<li>hora que estudias\/estudiaste<\/li>\n\n\n\n<li>disponibilidad para trabajar<\/li>\n\n\n\n<li>salario deseado<\/li>\n\n\n\n<li>pa\u00eds actual, c\u00f3digo postal, direcci\u00f3n, n\u00famero, complemento, barrio de UF<\/li>\n\n\n\n<li>tel\u00e9fono celular y tel\u00e9fono de casa<\/li>\n\n\n\n<li>Fotograf\u00eda<\/li>\n<\/ol>\n<\/li>\n<\/ol>\n<\/li>\n\n\n\n<li><strong>Pol\u00edtica de Cookies &#8211; Definici\u00f3n:<\/strong>\n<ol class=\"wp-block-list\">\n<li><strong>Cookies:<\/strong> Las cookies son fragmentos de informaci\u00f3n que los sitios web solicitan al navegador para personalizar la experiencia del Usuario. El Usuario puede configurarlo en su propio navegador y establecer par\u00e1metros y l\u00edmites en cuanto a la captura de Cookies.<\/li>\n<\/ol>\n<\/li>\n\n\n\n<li><strong>Cookies y recopilaci\u00f3n de informaci\u00f3n:<\/strong>\n<ol class=\"wp-block-list\">\n<li>La informaci\u00f3n de navegaci\u00f3n an\u00f3nima se recoge a trav\u00e9s de Cookies a trav\u00e9s de sistemas de terceros autorizados imprescindibles para el funcionamiento de la plataforma, o la ejecuci\u00f3n de los servicios, teniendo siempre en cuenta las cuestiones de seguridad y privacidad de los Datos Personales.<\/li>\n<\/ol>\n<\/li>\n\n\n\n<li><strong>Captura de datos:<\/strong>\n<ol class=\"wp-block-list\">\n<li>Los tipos de Cookies recogidas son:\n<ol class=\"roman-list wp-block-list\">\n<li>sesi\u00f3n, utilizada para controlar qui\u00e9n ha iniciado sesi\u00f3n o no;<\/li>\n\n\n\n<li>marketing, para comprobar qui\u00e9n visit\u00f3 nuestro sitio web y de d\u00f3nde proceden;<\/li>\n\n\n\n<li>comportamiento, para identificar c\u00f3mo los usuarios utilizan nuestro sitio web, d\u00f3nde hacen clic, cu\u00e1nto tiempo pasan en cada secci\u00f3n y conductas similares.<\/li>\n<\/ol>\n<\/li>\n\n\n\n<li>La informaci\u00f3n recogida a trav\u00e9s de las Cookies es:\n<ol class=\"roman-list wp-block-list\">\n<li>tiempo de acceso;<\/li>\n\n\n\n<li>hace clic en la p\u00e1gina;<\/li>\n\n\n\n<li>geolocalizaci\u00f3n;<\/li>\n\n\n\n<li>t\u00e9rminos utilizados en las b\u00fasquedas dentro de la plataforma.<\/li>\n<\/ol>\n<\/li>\n\n\n\n<li>Vale la pena se\u00f1alar que es posible cambiar la configuraci\u00f3n de privacidad de su navegador, alterando as\u00ed la captura de informaci\u00f3n.<\/li>\n<\/ol>\n<\/li>\n\n\n\n<li><strong>Finalidad de las cookies:<\/strong>\n<ol class=\"wp-block-list\">\n<li>El objetivo es:\n<ol class=\"roman-list wp-block-list\">\n<li>mejor experiencia de navegaci\u00f3n;<\/li>\n\n\n\n<li>contenido dirigido al perfil del Usuario;<\/li>\n\n\n\n<li>Uso funcional de la plataforma.<\/li>\n<\/ol>\n<\/li>\n<\/ol>\n<\/li>\n\n\n\n<li><strong>Finalidad del uso de datos personales:<\/strong>\n<ol class=\"wp-block-list\">\n<li>Toda la informaci\u00f3n proporcionada voluntariamente por personas f\u00edsicas y jur\u00eddicas se utiliza exclusivamente para:\n<ol class=\"roman-list wp-block-list\">\n<li>registro en la plataforma;<\/li>\n\n\n\n<li>anunciar vacantes en modalidades como: aprendizaje, pasant\u00eda, pasant\u00eda, intercambio, empleos, entre otras;<\/li>\n\n\n\n<li>elaboraci\u00f3n de un instrumento legal para el aprendizaje, pasant\u00eda y acciones relacionadas con el tema;<\/li>\n\n\n\n<li>contactar con el usuario v\u00eda telef\u00f3nica, celular, SMS, correo electr\u00f3nico, mensajer\u00eda instant\u00e1nea y otras formas virtuales de contacto;<\/li>\n\n\n\n<li>investigaciones, contenidos sobre el mercado laboral y temas relacionados con el \u00e1rea de recursos humanos, de forma an\u00f3nima;<\/li>\n\n\n\n<li>registros internos para proteger los intereses leg\u00edtimos del responsable o de terceros, as\u00ed como para garantizar el ejercicio regular de los derechos o el cumplimiento de obligaciones legales;<\/li>\n\n\n\n<li>gesti\u00f3n de procesos de selecci\u00f3n;<\/li>\n\n\n\n<li>registro de informaci\u00f3n financiera.<\/li>\n<\/ol>\n<\/li>\n\n\n\n<li>Toda la informaci\u00f3n obtenida a trav\u00e9s de la Plataforma o telef\u00f3nicamente podr\u00e1 ser actualizada, bloqueada o eliminada en cualquier momento por el Usuario, tal y como establece la Ley General de Protecci\u00f3n de Datos en su art. 18.<\/li>\n<\/ol>\n<\/li>\n\n\n\n<li><strong>Bases Legales para el Uso de Datos:<\/strong>\n<ol class=\"wp-block-list\">\n<li>Finalidades y bases legales:\n<ol class=\"roman-list wp-block-list\">\n<li>registro en la plataforma: CONSENTIMIENTO, Art. 7, inciso I \u2013 LGPD<\/li>\n\n\n\n<li>Publicar vacantes en modalidades como: aprendizaje, pasant\u00eda, pr\u00e1cticas, intercambio, empleos, entre otras: CONSENTIMIENTO Y LEGITIMO EN TERESSE, Art. 7, incisos I y IX \u2013 LGPD<\/li>\n\n\n\n<li>elaboraci\u00f3n de un instrumento jur\u00eddico para el aprendizaje, pasant\u00eda y acciones relacionadas con el tema: EJECUCI\u00d3N DEL CONTRATO E INTER\u00c9S LEG\u00cdTIMO, Art. 7, incisos V y IX \u2013 LGPD<\/li>\n\n\n\n<li>contacto con el usuario a trav\u00e9s de su tel\u00e9fono, celular, SMS, correo electr\u00f3nico, mensajer\u00eda instant\u00e1nea y otras formas virtuales de contacto: CONSENTIMIENTO, EJECUCI\u00d3N DEL CONTRATO E INTER\u00c9S LEG\u00cdTIMO, Art. 7, incisos I, V y IX \u2013 LGPD<\/li>\n\n\n\n<li>investigaciones, contenidos sobre el mercado laboral y temas relacionados con el \u00e1rea de recursos humanos de forma an\u00f3nima: REALIZACI\u00d3N DE ESTUDIOS POR ORGANISMO DE INVESTIGACI\u00d3N, Art. 7, inciso IV \u2013 LGPD<\/li>\n\n\n\n<li>registros internos para proteger los intereses leg\u00edtimos del responsable o de terceros, as\u00ed como para asegurar el ejercicio regular de derechos o para cumplir con obligaciones legales: CUMPLIMIENTO DE OBLIGACI\u00d3N LEGAL, EJECUCI\u00d3N DEL CONTRATO, INTER\u00c9S LEG\u00cdTIMO, Art. 7, incisos II, V y IX \u2013 LGPD<\/li>\n\n\n\n<li>gesti\u00f3n de procesos de selecci\u00f3n: CONSENTIMIENTO, EJECUCI\u00d3N DEL CONTRATO E INTER\u00c9S LEG\u00cdTIMO, Art. 7, incisos I, V y IX \u2013 LGPD<\/li>\n\n\n\n<li>registro de informaci\u00f3n financiera: CONSENTIMIENTO, EJECUCI\u00d3N DEL CONTRATO E INTER\u00c9S LEG\u00cdTIMO, Art. 7, incisos I, V y IX \u2013 LGPD&#13;\n&#13;\nSin perjuicio de otras disposiciones y bases legales en el tratamiento de Datos Personales.<\/li>\n<\/ol>\n<\/li>\n<\/ol>\n<\/li>\n\n\n\n<li><strong>Con qui\u00e9n compartimos los datos:\u00a0<\/strong>\n<ol class=\"wp-block-list\">\n<li>A los Datos Personales de los Usuarios se accede mediante:\n<ol class=\"roman-list wp-block-list\">\n<li>EMPRESAS que publicitan vacantes;<\/li>\n\n\n\n<li>EMPRESAS que contraten a COMPANHIA DE EST\u00c1GIOS para realizar su proceso de selecci\u00f3n;<\/li>\n\n\n\n<li>proveedores de servicios tecnol\u00f3gicos;<\/li>\n\n\n\n<li>proveedores esenciales para la ejecuci\u00f3n de las actividades de COMPANHIA DE EST\u00c1GIOS.<\/li>\n<\/ol>\n<\/li>\n\n\n\n<li>Todo intercambio se realiza salvaguardando el secreto, la confidencialidad y respetando el principio de necesidad, sin perjuicio de los dem\u00e1s principios establecidos en el art. 6 de la LGPD.<\/li>\n<\/ol>\n<\/li>\n\n\n\n<li><strong>Duraci\u00f3n y Disposici\u00f3n de Datos Personales:<\/strong>\n<ol class=\"wp-block-list\">\n<li>Los Datos Personales permanecen hasta que se solicite su supresi\u00f3n, ya que se utilizan para conocer vacantes hasta vacantes efectivas, por lo que el Usuario puede beneficiarse y recibir notificaciones de vacantes durante el per\u00edodo de su vida que desee, atendiendo a sus intereses leg\u00edtimos.<\/li>\n<\/ol>\n<\/li>\n\n\n\n<li><strong>Seguridad:<\/strong>\n<ol class=\"wp-block-list\">\n<li>Las pol\u00edticas internas de seguridad de la informaci\u00f3n junto con el dise\u00f1o de la arquitectura del software garantizan procedimientos de prevenci\u00f3n de intrusiones y seguridad de los datos. Adem\u00e1s, todos los datos se almacenan en una plataforma de Cloud Computing, certificada por Privacy Shield, con la comunicaci\u00f3n protegida por el protocolo HTTPS mediante un certificado de seguridad SSL, y el acceso directo protegido mediante firewalls.<\/li>\n<\/ol>\n<\/li>\n\n\n\n<li><strong>Contacto telef\u00f3nico, correo electr\u00f3nico y mensaje de texto:<\/strong>\n<ol class=\"wp-block-list\">\n<li>Cuando un Usuario se registra en la Plataforma y proporciona un n\u00famero de tel\u00e9fono celular o direcci\u00f3n de correo electr\u00f3nico, \u00e9ste queda disponible para las Empresas que tengan puestos vacantes. El Usuario podr\u00e1, por tanto, recibir mensajes de COMPANHIA DE EST\u00c1GIOS o de estas Empresas. <\/li>\n<\/ol>\n<\/li>\n\n\n\n<li><strong>Acceso a Datos y Resultados de Pruebas Realizadas:<\/strong>\n<ol class=\"wp-block-list\">\n<li>Cuando un Usuario se registra en la Plataforma, autoriza a COMPANHIA DE EST\u00c1GIOS y Empresas a acceder a sus Datos Personales, ingresados \u200b\u200bvoluntariamente, contenidos en su CV; Tambi\u00e9n autoriza el acceso a los resultados de las pruebas realizadas dentro de la Plataforma.<\/li>\n<\/ol>\n<\/li>\n\n\n\n<li><strong>Procesamiento de datos internacionales:<\/strong>\n<ol class=\"wp-block-list\">\n<li>En casos espec\u00edficos, los Datos Personales ser\u00e1n transferidos a otro pa\u00eds, en el caso de:\n<ol class=\"roman-list wp-block-list\">\n<li>vacante en un pa\u00eds extranjero;<\/li>\n\n\n\n<li>sede de la empresa que analizar\u00e1 los Datos Personales de los candidatos en el extranjero;<\/li>\n\n\n\n<li>sistema o plataforma del cliente\/empresa contratante que recibir\u00e1 los Datos Personales en un pa\u00eds extranjero.<\/li>\n<\/ol>\n<\/li>\n\n\n\n<li>COMPANHIA DE EST\u00c1GIOS y otras empresas vinculadas al grupo utilizan la nube de Amazon Web Services, que se encuentra almacenada en Estados Unidos. Los detalles sobre el servicio se pueden encontrar en https:\/\/aws.amazon.com\/pt\/what-is-aws\/?nc1=f_cc. El servicio se utiliza de acuerdo con los principios establecidos en el art. 6 de la LGPD, incluyendo finalidad, adecuaci\u00f3n, necesidad, transparencia y seguridad. \n<ul class=\"wp-block-list\">\n<li>La pol\u00edtica de privacidad de Amazon Web Services se puede consultar \u00edntegramente en: <a href=\"https:\/\/d1.awsstatic.com\/legal\/privacypolicy\/AWS_Privacy_Notice__Portuguese_Translation_2022_02_04.pdf\">https:\/\/d1.awsstatic.com\/legal\/privacypolicy\/AWS_Privacy_Notice__Portuguese_Translation_2022_02_04.pdf<\/a>.<\/li>\n<\/ul>\n<\/li>\n\n\n\n<li>El Usuario es consciente de dichas condiciones antes indicadas y adem\u00e1s se compromete a ponerse en contacto con Amazon Web Services en caso de tener dudas relacionadas, as\u00ed como a leer la pol\u00edtica proporcionada en el sitio web.<\/li>\n<\/ol>\n<\/li>\n\n\n\n<li><strong>Captura de Datos para el Sistema de Pago:<\/strong>\n<ol class=\"wp-block-list\">\n<li>Cabe se\u00f1alar que el Sistema de Pago se implementa de acuerdo con la Ley General de Protecci\u00f3n de Datos, cuyo detalle est\u00e1 disponible en <a href=\"https:\/\/www.iugu.com\/juridico\/politica-de-privacidade\/\">https:\/\/www.iugu.com\/juridico\/politica-de-privacidade\/<\/a>.<\/li>\n\n\n\n<li>La finalidad de la captaci\u00f3n de los datos est\u00e1 vinculada al objetivo del Sistema de Pago, por lo que, en l\u00ednea con los principios recogidos en el art. 6 de la LGPD, incluyendo finalidad, adecuaci\u00f3n, necesidad, transparencia y seguridad.<\/li>\n<\/ol>\n<\/li>\n\n\n\n<li><strong>Canal de Comunicaci\u00f3n &#8211; DPO &#8211; Responsable de Datos:<\/strong>\n<ol class=\"wp-block-list\">\n<li>Si tiene alguna pregunta, env\u00edenos un correo electr\u00f3nico utilizando el enlace de <a href=\"https:\/\/www.ciadeestagios.com.br\/es\/contacto\/?utm_source=politica_de_privacidad&#038;utm_medium=site\" data-type=\"URL\" data-id=\"https:\/\/www.ciadeestagios.com.br\/es\/contacto\/?utm_source=politica_de_privacidad&amp;utm_medium=site\">contacto<\/a>.<\/li>\n\n\n\n<li>COMPANHIA DE EST\u00c1GIOS, de acuerdo con la Ley General de Protecci\u00f3n de Datos, tambi\u00e9n habilita el canal para consultas, dudas y solicitudes de los titulares, indicando as\u00ed el correo electr\u00f3nico: <a href=\"mailto:juridico@ciadeestagios.com.br\">juridico@ciadeestagios.com.br<\/a>, seg\u00fan lo establecido en el art. 41 de la Ley General de Protecci\u00f3n de Datos.<\/li>\n<\/ol>\n<\/li>\n\n\n\n<li><strong>Aceptar\/Estar de acuerdo con la Pol\u00edtica<\/strong>\n<ol class=\"wp-block-list\">\n<li>Al utilizar la Plataforma y sus servicios, los Usuarios y Empresas declaran conocer y estar de acuerdo con los <a href=\"https:\/\/www.ciadeestagios.com.br\/termos\/\" data-type=\"page\" data-id=\"18572\">Termos de uso<\/a>.<\/li>\n\n\n\n<li>Si tiene alguna pregunta, env\u00edenos un correo electr\u00f3nico a trav\u00e9s del enlace de <a href=\"https:\/\/www.ciadeestagios.com.br\/es\/contacto\/?utm_source=politica_de_privacidad&#038;utm_medium=site\" data-type=\"URL\" data-id=\"https:\/\/www.ciadeestagios.com.br\/es\/contacto\/?utm_source=politica_de_privacidad&amp;utm_medium=site\">contato<\/a>.<\/li>\n<\/ol>\n<\/li>\n<\/ol>\n","protected":false},"excerpt":{"rendered":"<p>Compromiso con su privacidad y seguridad PROTECCI\u00d3N DE DATOS Y PRIVACIDAD&#13; (Ley General de Protecci\u00f3n de Datos \u2013 Ley N\u00b0 13.709\/18 \u2013 \u201cLGPD\u201d). Companhia de Est\u00e1gios est\u00e1 comprometida con la seguridad de sus datos y el respeto a su privacidad, por eso invertimos en alta tecnolog\u00eda para garantizar lo mejor del mercado en t\u00e9rminos de [&hellip;]<\/p>\n","protected":false},"author":7,"featured_media":23333,"parent":0,"menu_order":0,"comment_status":"closed","ping_status":"closed","template":"page-politica-e-termos.php","meta":{"footnotes":""},"class_list":["post-24026","page","type-page","status-publish","has-post-thumbnail","hentry"],"acf":[],"_links":{"self":[{"href":"https:\/\/www.ciadeestagios.com.br\/es\/wp-json\/wp\/v2\/pages\/24026","targetHints":{"allow":["GET"]}}],"collection":[{"href":"https:\/\/www.ciadeestagios.com.br\/es\/wp-json\/wp\/v2\/pages"}],"about":[{"href":"https:\/\/www.ciadeestagios.com.br\/es\/wp-json\/wp\/v2\/types\/page"}],"author":[{"embeddable":true,"href":"https:\/\/www.ciadeestagios.com.br\/es\/wp-json\/wp\/v2\/users\/7"}],"replies":[{"embeddable":true,"href":"https:\/\/www.ciadeestagios.com.br\/es\/wp-json\/wp\/v2\/comments?post=24026"}],"version-history":[{"count":23,"href":"https:\/\/www.ciadeestagios.com.br\/es\/wp-json\/wp\/v2\/pages\/24026\/revisions"}],"predecessor-version":[{"id":25796,"href":"https:\/\/www.ciadeestagios.com.br\/es\/wp-json\/wp\/v2\/pages\/24026\/revisions\/25796"}],"wp:featuredmedia":[{"embeddable":true,"href":"https:\/\/www.ciadeestagios.com.br\/es\/wp-json\/wp\/v2\/media\/23333"}],"wp:attachment":[{"href":"https:\/\/www.ciadeestagios.com.br\/es\/wp-json\/wp\/v2\/media?parent=24026"}],"curies":[{"name":"wp","href":"https:\/\/api.w.org\/{rel}","templated":true}]}}